{"id":495,"date":"2019-03-26T18:16:13","date_gmt":"2019-03-26T17:16:13","guid":{"rendered":"https:\/\/www.capagan.com\/hotel\/"},"modified":"2019-04-01T16:54:51","modified_gmt":"2019-04-01T14:54:51","slug":"einrichtung","status":"publish","type":"page","link":"https:\/\/www.capagan.com\/de\/einrichtung\/","title":{"rendered":"Einrichtung"},"content":{"rendered":"<div class=\"wpb-content-wrapper\"><p>[vc_row][vc_column][rev_slider_vc alias=&#8220;hotel&#8220;][vc_raw_html]PGRpdiBjbGFzcz0iYXJyb3ctd3JhcHBlciI+DQo8ZGl2IGNsYXNzPSJhcnJvdyI+PC9kaXY+DQo8L2Rpdj4=[\/vc_raw_html][\/vc_column][\/vc_row][vc_row full_width=&#8220;stretch_row_content_no_spaces&#8220; content_placement=&#8220;middle&#8220; parallax=&#8220;content-moving&#8220; parallax_image=&#8220;125&#8243; parallax_speed_bg=&#8220;2&#8243; css=&#8220;.vc_custom_1552295334053{padding-top: 20px !important;padding-bottom: 20px !important;}&#8220;][vc_column][vc_column_text]<\/p>\n<h1 style=\"text-align: center;\">EINRICHTUNG<\/h1>\n<p>[\/vc_column_text]<div class=\"dt-breadcrumbs-shortcode dt-breadcrumbs-id-52a6b48dfab3fe419f87034b265cf0b8 align-centre\"><div class=\"assistive-text\">Sie befinden sich hier:<\/div><ol class=\"breadcrumbs text-small\" xmlns:v=\"http:\/\/rdf.data-vocabulary.org\/#\"><li typeof=\"v:Breadcrumb\"><a rel=\"v:url\" property=\"v:title\" href=\"https:\/\/www.capagan.com\/de\/\" title=\"\">Start<\/a><\/li><li class=\"current\">Seite<\/li><\/ol><\/div>[\/vc_column][\/vc_row][vc_row css=&#8220;.vc_custom_1547658429374{padding-bottom: 40px !important;}&#8220;][vc_column][vc_column_text]<\/p>\n<p style=\"text-align: center;\">Ca\u2019 Pagan befindet sich in einem eleganten historischen Geb\u00e4ude, das sowohl in den Zimmern als auch in den \u00f6ffentlichen Bereichen bis ins kleinste Detail luxuri\u00f6s eingerichtet ist.<\/p>\n<p style=\"text-align: center;\">Am Eingang des Geb\u00e4udes befindet sich ein Rezeptionsbereich, ein Saal, der mit Malereien von feiner Handwerkskunst, typisch venezianischen Masken, Fortuny-Kronleuchtern und originalen Murano-Glasskulpturen dekoriert ist.<\/p>\n<p style=\"text-align: center;\">Der Fr\u00fchst\u00fccksraum ist von wertvollen antiken Spiegeln umgeben, welche die Umgebung einzigartig und zauberhaft machen, und einen kleinen privaten Innenhof, der ideal ist, um ein Fr\u00fchst\u00fcck anzubieten und Momente der Ruhe in einer ruhigen und romantischen Atmosph\u00e4re zu genie\u00dfen.<\/p>\n<p style=\"text-align: center;\">Unsere Zimmer sind pr\u00e4chtig im venezianischen Stil eingerichtet und verf\u00fcgen \u00fcber Parkett oder typisch venezianischen B\u00f6den. Sie sind alle schallisoliert und rauchfrei.<\/p>\n<p style=\"text-align: center;\">Ca\u2019 Pagan bietet seinen G\u00e4sten au\u00dferdem: kostenloses WLAN im gesamten Hotel, 24-Stunden-Rezeption und Zimmerservice auf Anfrage.<\/p>\n<p>[\/vc_column_text][\/vc_column][\/vc_row][vc_row full_width=&#8220;stretch_row&#8220; css=&#8220;.vc_custom_1547658554106{padding-bottom: 40px !important;}&#8220;][vc_column]<div class=\"owl-carousel gallery-carousel-shortcode gallery-shortcode  dt-gallery-container dt-owl-carousel-call gallery-carousel-shortcode-id-c97b16cdd7ebb1445e654f904eb5e5eb quick-scale-img enable-bg-rollover meta-info-off dt-arrow-border-on dt-arrow-hover-border-on bullets-small-dot-stroke reposition-arrows dt-icon-bg-off arrows-bg-on disable-arrows-hover-bg arrows-hover-bg-on  hover-fade \" data-scroll-mode=\"1\" data-col-num=\"3\" data-wide-col-num=\"3\" data-laptop-col=\"3\" data-h-tablet-columns-num=\"3\" data-v-tablet-columns-num=\"2\" data-phone-columns-num=\"1\" data-col-gap=\"10\" data-speed=\"600\" data-autoplay=\"false\" data-autoplay_speed=\"6000\" data-arrows=\"true\" data-bullet=\"false\" data-next-icon=\"icon-ar-017-r\" data-prev-icon=\"icon-ar-017-l\" data-img-shadow-size=\"12px\" data-img-shadow-spread=\"3px\"><\/div>[\/vc_column][\/vc_row][vc_row css=&#8220;.vc_custom_1547658429374{padding-bottom: 40px !important;}&#8220;][vc_column][vc_column_text]<\/p>\n<p style=\"text-align: center;\"><b>Zimmerausstattung:<\/b><\/p>\n<p style=\"text-align: center;\">\u2022 Kostenloses WLAN<br \/>\n\u2022 Minibar<br \/>\n\u2022 Sicher<br \/>\n\u2022 Flachbildfernseher mit Satellitenkan\u00e4len<br \/>\n\u2022 Telefon<br \/>\n\u2022 Klimaanlage und Heizung<br \/>\n\u2022 Alarm oder Weckruf<br \/>\n\u2022 Eigenes Badezimmer mit Badewanne oder Dusche<br \/>\n\u2022 F\u00f6hn<br \/>\n\u2022 Kostenlose Toilettenartikel<br \/>\n\u2022 Handt\u00fccher und Bettw\u00e4sche<\/p>\n<p>[\/vc_column_text][\/vc_column][\/vc_row]<\/p>\n<\/div>","protected":false},"excerpt":{"rendered":"<p>[vc_row][vc_column][rev_slider_vc alias=&#8220;hotel&#8220;][vc_raw_html]PGRpdiBjbGFzcz0iYXJyb3ctd3JhcHBlciI+DQo8ZGl2IGNsYXNzPSJhcnJvdyI+PC9kaXY+DQo8L2Rpdj4=[\/vc_raw_html][\/vc_column][\/vc_row][vc_row full_width=&#8220;stretch_row_content_no_spaces&#8220; content_placement=&#8220;middle&#8220; parallax=&#8220;content-moving&#8220; parallax_image=&#8220;125&#8243; parallax_speed_bg=&#8220;2&#8243; css=&#8220;.vc_custom_1552295334053{padding-top: 20px !important;padding-bottom: 20px !important;}&#8220;][vc_column][vc_column_text] EINRICHTUNG [\/vc_column_text][\/vc_column][\/vc_row][vc_row css=&#8220;.vc_custom_1547658429374{padding-bottom: 40px !important;}&#8220;][vc_column][vc_column_text] Ca\u2019 Pagan befindet sich in einem eleganten historischen Geb\u00e4ude, das sowohl in den Zimmern als auch in den \u00f6ffentlichen Bereichen bis ins kleinste Detail luxuri\u00f6s eingerichtet ist. Am Eingang des Geb\u00e4udes befindet sich ein Rezeptionsbereich, ein Saal, der&hellip;<\/p>\n","protected":false},"author":1,"featured_media":0,"parent":0,"menu_order":0,"comment_status":"closed","ping_status":"closed","template":"","meta":[],"aioseo_notices":[],"_links":{"self":[{"href":"https:\/\/www.capagan.com\/de\/wp-json\/wp\/v2\/pages\/495"}],"collection":[{"href":"https:\/\/www.capagan.com\/de\/wp-json\/wp\/v2\/pages"}],"about":[{"href":"https:\/\/www.capagan.com\/de\/wp-json\/wp\/v2\/types\/page"}],"author":[{"embeddable":true,"href":"https:\/\/www.capagan.com\/de\/wp-json\/wp\/v2\/users\/1"}],"replies":[{"embeddable":true,"href":"https:\/\/www.capagan.com\/de\/wp-json\/wp\/v2\/comments?post=495"}],"version-history":[{"count":2,"href":"https:\/\/www.capagan.com\/de\/wp-json\/wp\/v2\/pages\/495\/revisions"}],"predecessor-version":[{"id":549,"href":"https:\/\/www.capagan.com\/de\/wp-json\/wp\/v2\/pages\/495\/revisions\/549"}],"wp:attachment":[{"href":"https:\/\/www.capagan.com\/de\/wp-json\/wp\/v2\/media?parent=495"}],"curies":[{"name":"wp","href":"https:\/\/api.w.org\/{rel}","templated":true}]}}