{"id":501,"date":"2019-03-26T18:21:47","date_gmt":"2019-03-26T17:21:47","guid":{"rendered":"https:\/\/www.capagan.com\/lage\/"},"modified":"2019-03-26T18:21:47","modified_gmt":"2019-03-26T17:21:47","slug":"lage","status":"publish","type":"page","link":"https:\/\/www.capagan.com\/de\/lage\/","title":{"rendered":"Lage"},"content":{"rendered":"<div class=\"wpb-content-wrapper\"><p>[vc_row][vc_column][rev_slider_vc alias=&#8220;location&#8220;][vc_raw_html]PGRpdiBjbGFzcz0iYXJyb3ctd3JhcHBlciI+PGRpdiBjbGFzcz0iYXJyb3ciPjwvZGl2PjwvZGl2Pg==[\/vc_raw_html][\/vc_column][\/vc_row][vc_row full_width=&#8220;stretch_row_content_no_spaces&#8220; content_placement=&#8220;middle&#8220; parallax=&#8220;content-moving&#8220; parallax_image=&#8220;125&#8243; parallax_speed_bg=&#8220;2&#8243; css=&#8220;.vc_custom_1552385553168{padding-top: 20px !important;padding-bottom: 20px !important;}&#8220;][vc_column][vc_column_text]<\/p>\n<h1 style=\"text-align: center;\">LAGE<\/h1>\n<p>[\/vc_column_text]<div class=\"dt-breadcrumbs-shortcode dt-breadcrumbs-id-52a6b48dfab3fe419f87034b265cf0b8 align-centre\"><div class=\"assistive-text\">Sie befinden sich hier:<\/div><ol class=\"breadcrumbs text-small\" xmlns:v=\"http:\/\/rdf.data-vocabulary.org\/#\"><li typeof=\"v:Breadcrumb\"><a rel=\"v:url\" property=\"v:title\" href=\"https:\/\/www.capagan.com\/de\/\" title=\"\">Start<\/a><\/li><li class=\"current\">Seite<\/li><\/ol><\/div>[\/vc_column][\/vc_row][vc_row css=&#8220;.vc_custom_1547553006946{padding-top: 10px !important;padding-bottom: 50px !important;}&#8220;][vc_column][vc_column_text]<\/p>\n<p style=\"text-align: center;\">Ca\u2019 Pagan befindet sich in einer privilegierten Lage in der Altstadt von Venedig au\u00dferhalb der wichtigsten Touristenstr\u00f6me, aber in der N\u00e4he aller wichtigen Sehensw\u00fcrdigkeiten in einer ruhigen und eleganten Umgebung.<br \/>\nIn wenigen Minuten erreichen Sie Campo Santo Stefano, eines der gr\u00f6\u00dften Felder der Stadt, das Sie mit seinen Restaurants und Cafeterias am lebhaften venezianischen Leben teilhaben l\u00e4sst, und Palazzo Grassi, dem letzten Patrizierpalast mit Blick auf den Canal Grande, in dem Kunstausstellungen von internationaler Resonanz stattfinden.<br \/>\nDie Gallerie dell\u2019Accademia, Peggy Guggenheim Collection und das bekannte Theater La Fenice sind nur einige der Sehensw\u00fcrdigkeiten, die vom Hotel aus leicht zu erreichen sind und ein lebendiger Ausdruck des \u00fcppigen, gleichzeitig aber auch aristokratischen Charakters Venedigs sind.<br \/>\nAuch von diesem Gef\u00fchl der Freiheit und Sch\u00f6nheit geleitet, ist der Besuch des Lidos von Venedig oder die Biennale dank der N\u00e4he zur Vaporetto-Haltestelle einfach und praktisch.<\/p>\n<p>[\/vc_column_text][\/vc_column][\/vc_row][vc_row full_width=&#8220;stretch_row_content_no_spaces&#8220;][vc_column][vc_column_text]<div class=\"wpgmp_map_container wpgmp-map-provider-google wpgmp-map-1\" rel=\"map1\" data-plugin-version=\"4.8.6\"><div class=\"wpgmp_map_parent\"><div class=\"wpgmp_map \" style=\"width:100%; height:700px;\" id=\"map1\" data-map-id=\"1\"><\/div><\/div><\/div><script>jQuery(document).ready(function($){ window.wpgmp = window.wpgmp || {}; window.wpgmp.mapdata1 = \"eyJhdXRvc29ydCI6dHJ1ZSwibWFwX29wdGlvbnMiOnsiY2VudGVyX2xhdCI6IjQ1LjQzMzgwMyIsImNlbnRlcl9sbmciOiIxMi4zMjg1MDQiLCJ6b29tIjoxNSwibWFwX3R5cGVfaWQiOiJST0FETUFQIiwiY2VudGVyX2J5X25lYXJlc3QiOmZhbHNlLCJmaXRfYm91bmRzIjpmYWxzZSwic2hvd19jZW50ZXJfY2lyY2xlIjpmYWxzZSwic2hvd19jZW50ZXJfbWFya2VyIjpmYWxzZSwiY2VudGVyX21hcmtlcl9pY29uIjoiaHR0cHM6XC9cL3d3dy5jYXBhZ2FuLmNvbVwvd3AtY29udGVudFwvcGx1Z2luc1wvd3AtZ29vZ2xlLW1hcC1wbHVnaW5cL2Fzc2V0c1wvaW1hZ2VzXC9cL2RlZmF1bHRfbWFya2VyLnBuZyIsImRyYWdnYWJsZSI6dHJ1ZSwic2Nyb2xsX3doZWVsIjoiZmFsc2UiLCJtYXJrZXJfZGVmYXVsdF9pY29uIjoiaHR0cHM6XC9cL3d3dy5jYXBhZ2FuLmNvbVwvd3AtY29udGVudFwvcGx1Z2luc1wvd3AtZ29vZ2xlLW1hcC1wbHVnaW5cL2Fzc2V0c1wvaW1hZ2VzXC9cL2RlZmF1bHRfbWFya2VyLnBuZyIsImluZm93aW5kb3dfc2tpbiI6eyJuYW1lIjoiZGVmYXVsdCIsInR5cGUiOiJpbmZvd2luZG93In0sImluZm93aW5kb3dfZHJvcF9hbmltYXRpb24iOmZhbHNlLCJjbG9zZV9pbmZvd2luZG93X29uX21hcF9jbGljayI6ZmFsc2UsImRlZmF1bHRfaW5mb3dpbmRvd19vcGVuIjpmYWxzZSwiaW5mb3dpbmRvd19vcGVuX2V2ZW50IjoiY2xpY2siLCJsaXN0aW5nX2luZm93aW5kb3dfb3Blbl9ldmVudCI6ImNsaWNrIiwiaXNfbW9iaWxlIjpmYWxzZSwiaW5mb3dpbmRvd19maWx0ZXJfb25seSI6ZmFsc2UsImluZm93aW5kb3dfY2xpY2tfY2hhbmdlX2NlbnRlciI6ZmFsc2UsImZ1bGxfc2NyZWVuX2NvbnRyb2wiOnRydWUsImNhbWVyYV9jb250cm9sIjpmYWxzZSwic2VhcmNoX2NvbnRyb2wiOnRydWUsInpvb21fY29udHJvbCI6dHJ1ZSwibWFwX3R5cGVfY29udHJvbCI6dHJ1ZSwic3RyZWV0X3ZpZXdfY29udHJvbCI6dHJ1ZSwibG9jYXRlbWVfY29udHJvbCI6ZmFsc2UsIm1vYmlsZV9zcGVjaWZpYyI6ZmFsc2UsInpvb21fbW9iaWxlIjo1LCJkcmFnZ2FibGVfbW9iaWxlIjp0cnVlLCJzY3JvbGxfd2hlZWxfbW9iaWxlIjp0cnVlLCJmdWxsX3NjcmVlbl9jb250cm9sX3Bvc2l0aW9uIjoiVE9QX1JJR0hUIiwiem9vbV9jb250cm9sX3Bvc2l0aW9uIjoiVE9QX0xFRlQiLCJtYXBfdHlwZV9jb250cm9sX3Bvc2l0aW9uIjoiVE9QX1JJR0hUIiwibWFwX3R5cGVfY29udHJvbF9zdHlsZSI6IkhPUklaT05UQUxfQkFSIiwic3RyZWV0X3ZpZXdfY29udHJvbF9wb3NpdGlvbiI6IlRPUF9MRUZUIiwibWFwX2luZm93aW5kb3dfY3VzdG9taXNhdGlvbnMiOmZhbHNlLCJpbmZvd2luZG93X3dpZHRoIjoiMTAwJSIsInNob3dfaW5mb3dpbmRvd19oZWFkZXIiOmZhbHNlLCJ6b29tX2xldmVsX2FmdGVyX3NlYXJjaCI6MTAsImRvdWJsZWNsaWNrem9vbSI6ZmFsc2UsImN1cnJlbnRfcG9zdF9vbmx5IjpmYWxzZSwiYWR2YW5jZV90ZW1wbGF0ZSI6ZmFsc2UsIm1hcF90aWxlX3VybCI6Imh0dHBzOlwvXC97c30udGlsZS5vcGVuc3RyZWV0bWFwLm9yZ1wve3p9XC97eH1cL3t5fS5wbmciLCJvcGVuc3RyZWV0X3N0eWxlcyI6eyJPcGVuU3RyZWV0TWFwLk1hcG5payI6Imh0dHBzOlwvXC97c30udGlsZS5vcGVuc3RyZWV0bWFwLm9yZ1wve3p9XC97eH1cL3t5fS5wbmciLCJPcGVuU3RyZWV0TWFwLkRFIjoiaHR0cHM6XC9cL3tzfS50aWxlLm9wZW5zdHJlZXRtYXAuZGVcL3RpbGVzXC9vc21kZVwve3p9XC97eH1cL3t5fS5wbmciLCJPcGVuU3RyZWV0TWFwLkNIIjoiaHR0cHM6XC9cL3RpbGUub3NtLmNoXC9zd2l0emVybGFuZFwve3p9XC97eH1cL3t5fS5wbmciLCJPcGVuU3RyZWV0TWFwLkZyYW5jZSI6Imh0dHBzOlwvXC97c30udGlsZS5vcGVuc3RyZWV0bWFwLmZyXC9vc21mclwve3p9XC97eH1cL3t5fS5wbmciLCJPcGVuU3RyZWV0TWFwLkhPVCI6Imh0dHBzOlwvXC97c30udGlsZS5vcGVuc3RyZWV0bWFwLmZyXC9ob3RcL3t6fVwve3h9XC97eX0ucG5nIiwiT3BlblN0cmVldE1hcC5CWkgiOiJodHRwczpcL1wvdGlsZS5vcGVuc3RyZWV0bWFwLmJ6aFwvYnJcL3t6fVwve3h9XC97eX0ucG5nIiwiT3BlblRvcG9NYXAiOiJodHRwczpcL1wve3N9LnRpbGUub3BlbnRvcG9tYXAub3JnXC97en1cL3t4fVwve3l9LnBuZyIsIlRodW5kZXJmb3Jlc3QuT3BlbkN5Y2xlTWFwIjoiaHR0cHM6XC9cL2Rldi57c30udGlsZS5vcGVuc3RyZWV0bWFwLmZyXC9jeWNsb3NtXC97en1cL3t4fVwve3l9LnBuZyIsIk9wZW5NYXBTdXJmZXIuUm9hZHMiOiJodHRwczpcL1wvbWFwcy5oZWlnaXQub3JnXC9vcGVubWFwc3VyZmVyXC90aWxlc1wvcm9hZHNcL3dlYm1lcmNhdG9yXC97en1cL3t4fVwve3l9LnBuZyJ9LCJvcGVuc3RyZWV0X3N0eWxlc19tYXJrdXAiOiI8c2VsZWN0IGNsYXNzPVwid3BvbXBfbWFwX3R5cGVcIj48b3B0aW9uIHZhbHVlPVwiT3BlblN0cmVldE1hcC5NYXBuaWtcIj5PcGVuU3RyZWV0TWFwLk1hcG5pazxcL29wdGlvbj48b3B0aW9uIHZhbHVlPVwiT3BlblN0cmVldE1hcC5ERVwiPk9wZW5TdHJlZXRNYXAuREU8XC9vcHRpb24+PG9wdGlvbiB2YWx1ZT1cIk9wZW5TdHJlZXRNYXAuQ0hcIj5PcGVuU3RyZWV0TWFwLkNIPFwvb3B0aW9uPjxvcHRpb24gdmFsdWU9XCJPcGVuU3RyZWV0TWFwLkZyYW5jZVwiPk9wZW5TdHJlZXRNYXAuRnJhbmNlPFwvb3B0aW9uPjxvcHRpb24gdmFsdWU9XCJPcGVuU3RyZWV0TWFwLkhPVFwiPk9wZW5TdHJlZXRNYXAuSE9UPFwvb3B0aW9uPjxvcHRpb24gdmFsdWU9XCJPcGVuU3RyZWV0TWFwLkJaSFwiPk9wZW5TdHJlZXRNYXAuQlpIPFwvb3B0aW9uPjxvcHRpb24gdmFsdWU9XCJPcGVuVG9wb01hcFwiPk9wZW5Ub3BvTWFwPFwvb3B0aW9uPjxvcHRpb24gdmFsdWU9XCJUaHVuZGVyZm9yZXN0Lk9wZW5DeWNsZU1hcFwiPlRodW5kZXJmb3Jlc3QuT3BlbkN5Y2xlTWFwPFwvb3B0aW9uPjxvcHRpb24gdmFsdWU9XCJPcGVuTWFwU3VyZmVyLlJvYWRzXCI+T3Blbk1hcFN1cmZlci5Sb2FkczxcL29wdGlvbj48XC9zZWxlY3Q+IiwibWFwX2JveF9zdHlsZXNfbWFya3VwIjoiPHNlbGVjdCBjbGFzcz1cIndwb21wX21hcGJveF90eXBlXCI+PG9wdGlvbiB2YWx1ZT1cInN0cmVldHMtdjExXCI+U3RyZWV0czxcL29wdGlvbj48b3B0aW9uIHZhbHVlPVwibGlnaHQtdjEwXCI+TGlnaHQ8XC9vcHRpb24+PG9wdGlvbiB2YWx1ZT1cImRhcmstdjEwXCI+RGFyazxcL29wdGlvbj48b3B0aW9uIHZhbHVlPVwib3V0ZG9vcnMtdjExXCI+T3V0ZG9vcnM8XC9vcHRpb24+PG9wdGlvbiB2YWx1ZT1cInNhdGVsbGl0ZS12OVwiPlNhdGVsbGl0ZTxcL29wdGlvbj48XC9zZWxlY3Q+IiwiYm91bmRfbWFwX2FmdGVyX2ZpbHRlciI6ZmFsc2UsImRpc3BsYXlfcmVzZXRfYnV0dG9uIjpmYWxzZSwibWFwX3Jlc2V0X2J1dHRvbl90ZXh0IjoiWnVyXHUwMGZjY2tzZXR6ZW4iLCJoZWlnaHQiOiI3MDAiLCJ0aWxlc19wcm92aWRlciI6Im9wZW5zdHJlZXQifSwicGxhY2VzIjpbeyJpZCI6IjEiLCJ0aXRsZSI6IkNhIFBhZ2FuIiwic291cmNlIjoibWFudWFsIiwibG9jYXRpb24iOnsiaWNvbiI6Imh0dHBzOlwvXC93d3cuY2FwYWdhbi5jb21cL3dwLWNvbnRlbnRcL3BsdWdpbnNcL3dwLWdvb2dsZS1tYXAtcGx1Z2luXC9hc3NldHNcL2ltYWdlc1wvXC9kZWZhdWx0X21hcmtlci5wbmciLCJsYXQiOiI0NS40MzM4MDMiLCJsbmciOiIxMi4zMjg1MDQiLCJvbmNsaWNrX2FjdGlvbiI6Im1hcmtlciIsIm1hcmtlcl9pbWFnZSI6IjxkaXYgY2xhc3M9J2ZjLWZlYXR1cmUtaW1nJz48aW1nIGxvYWRpbmc9J2xhenknIGRlY29kaW5nPSdhc3luYycgYWx0PSdDYSBQYWdhbicgc3JjPSdodHRwczpcL1wvd3d3LmNhcGFnYW4uY29tXC93cC1jb250ZW50XC9wbHVnaW5zXC93cC1nb29nbGUtbWFwLXBsdWdpblwvYXNzZXRzXC9pbWFnZXNcL3NhbXBsZS5qcGcnIGNsYXNzPSd3cGdtcF9tYXJrZXJfaW1hZ2UgZmMtaXRlbS1mZWF0dXJlZF9pbWFnZSBmYy1pdGVtLWxhcmdlJyBcLz48XC9kaXY+Iiwib3Blbl9uZXdfdGFiIjoieWVzIiwiYW5pbWF0aW9uIjoiQk9VTkNFIiwiaW5mb3dpbmRvd19kaXNhYmxlIjp0cnVlLCJ6b29tIjo1LCJleHRyYV9maWVsZHMiOnsibGlzdG9yZGVyIjowfX19XSwibWFwX3Byb3BlcnR5Ijp7Im1hcF9pZCI6IjEifSwic2hhcGVzIjp7ImRyYXdpbmdfZWRpdGFibGUiOmZhbHNlfSwiZmlsdGVycyI6eyJmaWx0ZXJzX2NvbnRhaW5lciI6IltkYXRhLWNvbnRhaW5lcj1cIndwZ21wLWZpbHRlcnMtY29udGFpbmVyXCJdIn0sImdsb2JhbF9zZXR0aW5ncyI6ZmFsc2UsInByb3ZpZGVyIjoiZ29vZ2xlIiwiYXBpS2V5IjoiIn0=\"; });<\/script>[\/vc_column_text][vc_empty_space height=&#8220;40px&#8220;][\/vc_column][\/vc_row][vc_row css=&#8220;.vc_custom_1547712153347{padding-top: 50px !important;padding-bottom: 50px !important;}&#8220;][vc_column][vc_column_text]<\/p>\n<h2 style=\"text-align: center;\">So erreichen Sie uns<\/h2>\n<p>[\/vc_column_text][vc_empty_space][\/vc_column][\/vc_row][vc_row full_width=&#8220;stretch_row_content&#8220; gap=&#8220;35&#8243; css=&#8220;.vc_custom_1547712291318{padding-bottom: 50px !important;}&#8220;][vc_column width=&#8220;1\/4&#8243; css=&#8220;.vc_custom_1547712311290{padding-top: 35px !important;padding-right: 35px !important;padding-bottom: 35px !important;padding-left: 35px !important;background-color: #f2f2f2 !important;}&#8220;][vc_icon icon_fontawesome=&#8220;fa fa-car&#8220; color=&#8220;black&#8220; size=&#8220;xl&#8220; align=&#8220;center&#8220;][vc_column_text]<\/p>\n<h3 style=\"text-align: center;\">MIT DEM AUTO<\/h3>\n<p style=\"text-align: center;\">Alle Parkpl\u00e4tze befinden sich am Ende der Freiheitsbr\u00fccke:<\/p>\n<p style=\"text-align: center;\">ISOLA DEL TRONCHETTO: ein kostenpflichtiger Parkplatz f\u00fcr ca. 20,00 \u20ac pro Tag, nicht weit vom Zentrum entfernt. Von dort aus k\u00f6nnen Sie die Linie 2 (Haltestelle San Samuele) nehmen und ca. 50 Meter geradeaus zu Fu\u00df weiter bis Ca\u2018 Pagan zu Ihrer Linken.<\/p>\n<p style=\"text-align: center;\">PIAZZALE ROMA: Hier finden Sie geb\u00fchrenpflichtige \u00fcberdachte Parkpl\u00e4tze: GARAGE SAN MARCO und GEMEINDEGARAGE (sie kann online mit Rabatt gebucht werden) t\u00e4glich circa 30,00 \u20ac.<br \/>\nNehmen Sie dann die Linie 2 an der Haltestelle San Samuele. Ca. 50 Meter weiter zu Fu\u00df finden Sie Ca\u2019 Pagan auf Ihre Linken. Sie k\u00f6nnen auch die Linie 2 nehmen, in etwa f\u00fcnf Minuten erreichen Sie zu Ihrer Rechten Ca\u2019 Pagan, wenn Sie in Richtung Palazzo Grassi gehen.<\/p>\n<p style=\"text-align: center;\">Vom Piazzale Roma aus ist es m\u00f6glich, uns in Richtung Campo Santa Margherita, Campo San Barnaba, Accademiabr\u00fccke, Campo Santo Stefano und schlie\u00dflich San Samuele (San Marco, 3268) in etwa zwanzig Minuten zu Fu\u00df zu erreichen.<\/p>\n<p style=\"text-align: center;\">\n<p>[\/vc_column_text][\/vc_column][vc_column width=&#8220;1\/4&#8243; css=&#8220;.vc_custom_1547712322048{padding-top: 35px !important;padding-right: 35px !important;padding-bottom: 35px !important;padding-left: 35px !important;background-color: #f2f2f2 !important;}&#8220;][vc_icon icon_fontawesome=&#8220;fa fa-train&#8220; color=&#8220;black&#8220; size=&#8220;xl&#8220; align=&#8220;center&#8220;][vc_column_text]<\/p>\n<h3 style=\"text-align: center;\">MIT DEM ZUG<\/h3>\n<p style=\"text-align: center;\">Vom Bahnhof Santa Lucia aus ist Folgendes m\u00f6glich:<\/p>\n<p style=\"text-align: center;\">an der Haltestelle San Samuele die Vaporetto-Linie 2 nehmen. Circa 50 Meter weiter finden Sie das Ca\u2019 Pagan auf Ihrer Linken.<\/p>\n<p style=\"text-align: center;\">an der Haltstelle Sant\u2019Angelo die Linie Nummer 1 nehmen, nach circa f\u00fcnf Gehminuten gelangen Sie in Richtung Palazzo Grassi ans Ca\u2019 Pagan, das sich auf Ihrer Rechten befinden wird.<\/p>\n<p style=\"text-align: center;\">uns nach einem 25-min\u00fctigen Spaziergang zu erreichen, indem Sie sich zum Piazzale Roma begeben (f\u00fcnf Minuten vom Bahnhof entfernt); Sie erreichen uns in etwa 20 Minuten, wenn Sie in Richtung Campo Santa Margherita, Campo San Barnaba, Accademia Br\u00fccke, Campo Santo Stefano und schlie\u00dflich San Samuele (San Marco, 3268) gehen.<\/p>\n<p style=\"text-align: center;\">\n<p>[\/vc_column_text][\/vc_column][vc_column width=&#8220;1\/4&#8243; css=&#8220;.vc_custom_1552639405058{padding-top: 35px !important;padding-right: 35px !important;padding-bottom: 35px !important;padding-left: 35px !important;background-color: #f2f2f2 !important;}&#8220;][vc_icon icon_fontawesome=&#8220;fa fa-plane&#8220; color=&#8220;black&#8220; size=&#8220;xl&#8220; align=&#8220;center&#8220;][vc_column_text]<\/p>\n<h3 style=\"text-align: center;\">MIT DEM FLUGZEUG<\/h3>\n<p style=\"text-align: center;\">VOM MARCO POLO FLUGHAFEN IN VENEDIG: Ein kurzer Spaziergang vom Flughafen entfernt befindet sich die Haltestelle Sant\u2018Angelo der Vaporetto Alilaguna Arancio Linie. In etwa f\u00fcnf Minuten zu Fu\u00df finden Ca\u2019 Pagan zu Ihrer Rechten und fahren dann weiter zum Palazzo Grassi.<\/p>\n<p style=\"text-align: center;\">VOM CANOVA FLUGHAFEN IN TREVISO: Direktverbindung nach Venedig der ATVO, die in etwa einer Stunde den Piazzale Roma erreicht, von wo aus Sie das Vaporetto nehmen k\u00f6nnen: Linie 2, Haltestelle San Samuele. Nach einem kurzen Spaziergang von circa 50 Meter finden Sie das Ca\u2019 Pagan auf Ihrer Linken. Sie k\u00f6nnen auch die Linie 1 an der Haltestelle Sant\u2019Angelo nehmen. In etwa f\u00fcnf Minuten zu Fu\u00df erreichen Sie das Ca\u2019 Pagan auf Ihrer Rechten, indem Sie weiter zum Grassi Geb\u00e4ude gehen.<\/p>\n<p style=\"text-align: center;\">\n<p>[\/vc_column_text][\/vc_column][vc_column width=&#8220;1\/4&#8243; css=&#8220;.vc_custom_1552639421294{padding-top: 35px !important;padding-right: 35px !important;padding-bottom: 35px !important;padding-left: 35px !important;background-color: #f2f2f2 !important;}&#8220;][vc_icon icon_fontawesome=&#8220;fa fa-taxi&#8220; color=&#8220;black&#8220; size=&#8220;xl&#8220; align=&#8220;center&#8220;][vc_column_text]<\/p>\n<h3 style=\"text-align: center;\">MIT DEM TAXI<\/h3>\n<p style=\"text-align:center\">Die Belegschaft des Ca\u2019 Pagan bucht f\u00fcr Sie gerne einen Taxiservice.<br \/>\nDie Kosten f\u00fcr die Fahrt vom Flughafen Marco Polo betr\u00e4gt 150,00 \u20ac, das Taxi wartet auf Sie au\u00dferhalb des Flughafens und wird Sie bis an den Hafen bringen, von wo aus Sie ein Wassertaxi zum Hotel f\u00e4hrt.<br \/>\nDie Fahrt vom Bahnhof Santa Lucia oder vom Piazzale Roma betr\u00e4gt 60,00 \u20ac.<br \/>\nDie Fahrt vom Tronchetto betr\u00e4gt 80,00.<br \/>\nDie Preise gelten f\u00fcr maximal vier Personen und k\u00f6nnen je nach Uhrzeit variieren.\n<\/p>\n<p>[\/vc_column_text][\/vc_column][\/vc_row][vc_row css=&#8220;.vc_custom_1552385794283{padding-top: 0px !important;padding-bottom: 50px !important;}&#8220;][vc_column][\/vc_column][\/vc_row]<\/p>\n<\/div>","protected":false},"excerpt":{"rendered":"<p>[vc_row][vc_column][rev_slider_vc alias=&#8220;location&#8220;][vc_raw_html]PGRpdiBjbGFzcz0iYXJyb3ctd3JhcHBlciI+PGRpdiBjbGFzcz0iYXJyb3ciPjwvZGl2PjwvZGl2Pg==[\/vc_raw_html][\/vc_column][\/vc_row][vc_row full_width=&#8220;stretch_row_content_no_spaces&#8220; content_placement=&#8220;middle&#8220; parallax=&#8220;content-moving&#8220; parallax_image=&#8220;125&#8243; parallax_speed_bg=&#8220;2&#8243; css=&#8220;.vc_custom_1552385553168{padding-top: 20px !important;padding-bottom: 20px !important;}&#8220;][vc_column][vc_column_text] LAGE [\/vc_column_text][\/vc_column][\/vc_row][vc_row css=&#8220;.vc_custom_1547553006946{padding-top: 10px !important;padding-bottom: 50px !important;}&#8220;][vc_column][vc_column_text] Ca\u2019 Pagan befindet sich in einer privilegierten Lage in der Altstadt von Venedig au\u00dferhalb der wichtigsten Touristenstr\u00f6me, aber in der N\u00e4he aller wichtigen Sehensw\u00fcrdigkeiten in einer ruhigen und eleganten Umgebung. In wenigen Minuten erreichen Sie Campo&hellip;<\/p>\n","protected":false},"author":1,"featured_media":0,"parent":0,"menu_order":0,"comment_status":"closed","ping_status":"closed","template":"","meta":[],"aioseo_notices":[],"_links":{"self":[{"href":"https:\/\/www.capagan.com\/de\/wp-json\/wp\/v2\/pages\/501"}],"collection":[{"href":"https:\/\/www.capagan.com\/de\/wp-json\/wp\/v2\/pages"}],"about":[{"href":"https:\/\/www.capagan.com\/de\/wp-json\/wp\/v2\/types\/page"}],"author":[{"embeddable":true,"href":"https:\/\/www.capagan.com\/de\/wp-json\/wp\/v2\/users\/1"}],"replies":[{"embeddable":true,"href":"https:\/\/www.capagan.com\/de\/wp-json\/wp\/v2\/comments?post=501"}],"version-history":[{"count":1,"href":"https:\/\/www.capagan.com\/de\/wp-json\/wp\/v2\/pages\/501\/revisions"}],"predecessor-version":[{"id":502,"href":"https:\/\/www.capagan.com\/de\/wp-json\/wp\/v2\/pages\/501\/revisions\/502"}],"wp:attachment":[{"href":"https:\/\/www.capagan.com\/de\/wp-json\/wp\/v2\/media?parent=501"}],"curies":[{"name":"wp","href":"https:\/\/api.w.org\/{rel}","templated":true}]}}