{"id":454,"date":"2019-03-20T12:03:11","date_gmt":"2019-03-20T11:03:11","guid":{"rendered":"https:\/\/www.capagan.com\/home\/"},"modified":"2019-03-20T12:03:12","modified_gmt":"2019-03-20T11:03:12","slug":"home","status":"publish","type":"page","link":"https:\/\/www.capagan.com\/es\/","title":{"rendered":"Home"},"content":{"rendered":"<div class=\"wpb-content-wrapper\"><p>[vc_row full_width=\u00bbstretch_row_content_no_spaces\u00bb][vc_column]\n\t\t\t<!-- START Home REVOLUTION SLIDER 6.6.18 --><p class=\"rs-p-wp-fix\"><\/p>\n\t\t\t<rs-module-wrap id=\"rev_slider_1_1_wrapper\" data-source=\"gallery\" style=\"visibility:hidden;background:transparent;padding:0;\">\n\t\t\t\t<rs-module id=\"rev_slider_1_1\" style=\"\" data-version=\"6.6.18\">\n\t\t\t\t\t<rs-slides style=\"overflow: hidden; position: absolute;\">\n\t\t\t\t\t\t<rs-slide style=\"position: absolute;\" data-key=\"rs-2\" data-title=\"Slide\" data-thumb=\"\/\/www.capagan.com\/wp-content\/uploads\/2019\/03\/capagan-superior-7-100x50.jpg\" data-anim=\"adpr:false;\">\n\t\t\t\t\t\t\t<img src=\"\/\/www.capagan.com\/wp-content\/plugins\/revslider\/public\/assets\/assets\/dummy.png\" alt=\"\" title=\"Home\" class=\"rev-slidebg tp-rs-img rs-lazyload\" data-lazyload=\"\/\/www.capagan.com\/wp-content\/uploads\/2019\/03\/capagan-superior-7.jpg\" data-no-retina>\n<!---->\t\t\t\t\t\t<\/rs-slide>\n\t\t\t\t\t\t<rs-slide style=\"position: absolute;\" data-key=\"rs-1\" data-title=\"Slide\" data-thumb=\"\/\/www.capagan.com\/wp-content\/uploads\/2019\/03\/capagan-tripladeluxe-2-100x50.jpg\" data-anim=\"adpr:false;\">\n\t\t\t\t\t\t\t<img src=\"\/\/www.capagan.com\/wp-content\/plugins\/revslider\/public\/assets\/assets\/dummy.png\" alt=\"\" title=\"Home\" class=\"rev-slidebg tp-rs-img rs-lazyload\" data-lazyload=\"\/\/www.capagan.com\/wp-content\/uploads\/2019\/03\/capagan-tripladeluxe-2.jpg\" data-no-retina>\n<!---->\t\t\t\t\t\t<\/rs-slide>\n\t\t\t\t\t\t<rs-slide style=\"position: absolute;\" data-key=\"rs-13\" data-title=\"Slide\" data-thumb=\"\/\/www.capagan.com\/wp-content\/uploads\/2019\/03\/capagan-deluxe-8-100x50.jpg\" data-anim=\"adpr:false;\">\n\t\t\t\t\t\t\t<img src=\"\/\/www.capagan.com\/wp-content\/plugins\/revslider\/public\/assets\/assets\/dummy.png\" alt=\"\" title=\"Home\" class=\"rev-slidebg tp-rs-img rs-lazyload\" data-lazyload=\"\/\/www.capagan.com\/wp-content\/uploads\/2019\/03\/capagan-deluxe-8.jpg\" data-no-retina>\n<!---->\t\t\t\t\t\t<\/rs-slide>\n\t\t\t\t\t\t<rs-slide style=\"position: absolute;\" data-key=\"rs-15\" data-title=\"Slide\" data-thumb=\"\/\/www.capagan.com\/wp-content\/uploads\/2019\/03\/capagan-common-8-100x50.jpg\" data-anim=\"adpr:false;\">\n\t\t\t\t\t\t\t<img src=\"\/\/www.capagan.com\/wp-content\/plugins\/revslider\/public\/assets\/assets\/dummy.png\" alt=\"\" title=\"Home\" class=\"rev-slidebg tp-rs-img rs-lazyload\" data-lazyload=\"\/\/www.capagan.com\/wp-content\/uploads\/2019\/03\/capagan-common-8.jpg\" data-no-retina>\n<!---->\t\t\t\t\t\t<\/rs-slide>\n\t\t\t\t\t\t<rs-slide style=\"position: absolute;\" data-key=\"rs-16\" data-title=\"Slide\" data-thumb=\"\/\/www.capagan.com\/wp-content\/uploads\/2019\/03\/capagan-jsuite-4-100x50.jpg\" data-anim=\"adpr:false;\">\n\t\t\t\t\t\t\t<img src=\"\/\/www.capagan.com\/wp-content\/plugins\/revslider\/public\/assets\/assets\/dummy.png\" alt=\"\" title=\"Home\" class=\"rev-slidebg tp-rs-img rs-lazyload\" data-lazyload=\"\/\/www.capagan.com\/wp-content\/uploads\/2019\/03\/capagan-jsuite-4.jpg\" data-no-retina>\n<!---->\t\t\t\t\t\t<\/rs-slide>\n\t\t\t\t\t\t<rs-slide style=\"position: absolute;\" data-key=\"rs-17\" data-title=\"Slide\" data-thumb=\"\/\/www.capagan.com\/wp-content\/uploads\/2019\/03\/capagan-deluxe-9-100x50.jpg\" data-anim=\"adpr:false;\">\n\t\t\t\t\t\t\t<img src=\"\/\/www.capagan.com\/wp-content\/plugins\/revslider\/public\/assets\/assets\/dummy.png\" alt=\"\" title=\"Home\" class=\"rev-slidebg tp-rs-img rs-lazyload\" data-lazyload=\"\/\/www.capagan.com\/wp-content\/uploads\/2019\/03\/capagan-deluxe-9.jpg\" data-no-retina>\n<!---->\t\t\t\t\t\t<\/rs-slide>\n\t\t\t\t\t\t<rs-slide style=\"position: absolute;\" data-key=\"rs-14\" data-title=\"Slide\" data-thumb=\"\/\/www.capagan.com\/wp-content\/uploads\/2019\/03\/capagan-common-7-100x50.jpg\" data-anim=\"adpr:false;\">\n\t\t\t\t\t\t\t<img src=\"\/\/www.capagan.com\/wp-content\/plugins\/revslider\/public\/assets\/assets\/dummy.png\" alt=\"\" title=\"Home\" class=\"rev-slidebg tp-rs-img rs-lazyload\" data-lazyload=\"\/\/www.capagan.com\/wp-content\/uploads\/2019\/03\/capagan-common-7.jpg\" data-no-retina>\n<!---->\t\t\t\t\t\t<\/rs-slide>\n\t\t\t\t\t\t<rs-slide style=\"position: absolute;\" data-key=\"rs-18\" data-title=\"Slide\" data-thumb=\"\/\/www.capagan.com\/wp-content\/uploads\/2019\/03\/057-100x50.jpg\" data-anim=\"adpr:false;\">\n\t\t\t\t\t\t\t<img src=\"\/\/www.capagan.com\/wp-content\/plugins\/revslider\/public\/assets\/assets\/dummy.png\" alt=\"\" title=\"Home\" class=\"rev-slidebg tp-rs-img rs-lazyload\" data-lazyload=\"\/\/www.capagan.com\/wp-content\/uploads\/2019\/03\/057.jpg\" data-no-retina>\n<!---->\t\t\t\t\t\t<\/rs-slide>\n\t\t\t\t\t<\/rs-slides>\n\t\t\t\t<\/rs-module>\n\t\t\t\t<script>\n\t\t\t\t\tsetREVStartSize({c: 'rev_slider_1_1',rl:[1240,1240,778,480],el:[],gw:[1240,1240,778,480],gh:[868,868,600,500],type:'standard',justify:'',layout:'fullscreen',offsetContainer:'',offset:'',mh:\"0\"});if (window.RS_MODULES!==undefined && window.RS_MODULES.modules!==undefined && window.RS_MODULES.modules[\"revslider11\"]!==undefined) {window.RS_MODULES.modules[\"revslider11\"].once = false;window.revapi1 = undefined;if (window.RS_MODULES.checkMinimal!==undefined) window.RS_MODULES.checkMinimal()}\n\t\t\t\t<\/script>\n\t\t\t<\/rs-module-wrap>\n\t\t\t<!-- END REVOLUTION SLIDER -->\n[vc_raw_html]PGRpdiBjbGFzcz0iYXJyb3ctd3JhcHBlciI+PGRpdiBjbGFzcz0iYXJyb3ciPjwvZGl2PjwvZGl2Pg==[\/vc_raw_html][\/vc_column][\/vc_row][vc_row css=\u00bb.vc_custom_1547803399489{padding-top: 60px !important;padding-bottom: 60px !important;}\u00bb][vc_column width=\u00bb1\/2&#8243;][vc_column_text]<\/p>\n<h2><strong>Ca&#8217; Pagan<\/strong> en Venecia<\/h2>\n<p>[\/vc_column_text][vc_empty_space][vc_column_text]<\/p>\n<p> Situado en el coraz\u00f3n de Venecia, a poca distancia de la plaza San Marcos y del puente de Rialto, en un original palacio Veneciano, est\u00e1 Ca\u2019 Pagan: un elegante y lujosa residencia que ofrece una experiencia \u00fanica y inolvidable en habitaciones refinadas, decoradas con cuidado y atenci\u00f3n per los detalles.<br \/>\nComo una boutique hotel acerca el estilo atento y minucioso t\u00edpico de la elegancia Veneciana a todas las comodidades modernas.<br \/>\nCa\u2019 Pagan ofrece a sus hu\u00e9spedes la posibilidad de utilizar una linda privada corte exterior, perfecta para vivir a lo mejor su estancia.<br \/>\nA la recepci\u00f3n usted encontrara un personal preparado y contento por ayudarle en crear itinerarios ideales basados en sus preferencias as\u00ed que podr\u00e1n vivir perfectamente la rom\u00e1ntica ciudad.  <\/p>\n<p>[\/vc_column_text][vc_empty_space height=\u00bb10px\u00bb][\/vc_column][vc_column width=\u00bb1\/2&#8243;][vc_single_image image=\u00bb295&#8243; img_size=\u00bb580&#215;380&#8243; alignment=\u00bbcenter\u00bb][\/vc_column][\/vc_row][vc_row full_width=\u00bbstretch_row_content_no_spaces\u00bb][vc_column][vc_single_image image=\u00bb362&#8243; img_size=\u00bbfull\u00bb alignment=\u00bbcenter\u00bb image_hovers=\u00bbfalse\u00bb][\/vc_column][\/vc_row]<\/p>\n<\/div>","protected":false},"excerpt":{"rendered":"<p>[vc_row full_width=\u00bbstretch_row_content_no_spaces\u00bb][vc_column][vc_raw_html]PGRpdiBjbGFzcz0iYXJyb3ctd3JhcHBlciI+PGRpdiBjbGFzcz0iYXJyb3ciPjwvZGl2PjwvZGl2Pg==[\/vc_raw_html][\/vc_column][\/vc_row][vc_row css=\u00bb.vc_custom_1547803399489{padding-top: 60px !important;padding-bottom: 60px !important;}\u00bb][vc_column width=\u00bb1\/2&#8243;][vc_column_text] Ca&#8217; Pagan en Venecia [\/vc_column_text][vc_empty_space][vc_column_text] Situado en el coraz\u00f3n de Venecia, a poca distancia de la plaza San Marcos y del puente de Rialto, en un original palacio Veneciano, est\u00e1 Ca\u2019 Pagan: un elegante y lujosa residencia que ofrece una experiencia \u00fanica y inolvidable en habitaciones refinadas,&hellip;<\/p>\n","protected":false},"author":1,"featured_media":0,"parent":0,"menu_order":0,"comment_status":"closed","ping_status":"closed","template":"","meta":[],"aioseo_notices":[],"_links":{"self":[{"href":"https:\/\/www.capagan.com\/es\/wp-json\/wp\/v2\/pages\/454"}],"collection":[{"href":"https:\/\/www.capagan.com\/es\/wp-json\/wp\/v2\/pages"}],"about":[{"href":"https:\/\/www.capagan.com\/es\/wp-json\/wp\/v2\/types\/page"}],"author":[{"embeddable":true,"href":"https:\/\/www.capagan.com\/es\/wp-json\/wp\/v2\/users\/1"}],"replies":[{"embeddable":true,"href":"https:\/\/www.capagan.com\/es\/wp-json\/wp\/v2\/comments?post=454"}],"version-history":[{"count":1,"href":"https:\/\/www.capagan.com\/es\/wp-json\/wp\/v2\/pages\/454\/revisions"}],"predecessor-version":[{"id":455,"href":"https:\/\/www.capagan.com\/es\/wp-json\/wp\/v2\/pages\/454\/revisions\/455"}],"wp:attachment":[{"href":"https:\/\/www.capagan.com\/es\/wp-json\/wp\/v2\/media?parent=454"}],"curies":[{"name":"wp","href":"https:\/\/api.w.org\/{rel}","templated":true}]}}