{"id":456,"date":"2019-03-20T12:04:18","date_gmt":"2019-03-20T11:04:18","guid":{"rendered":"https:\/\/www.capagan.com\/hotel\/"},"modified":"2019-04-01T16:53:42","modified_gmt":"2019-04-01T14:53:42","slug":"estructura","status":"publish","type":"page","link":"https:\/\/www.capagan.com\/es\/estructura\/","title":{"rendered":"Estructura"},"content":{"rendered":"<div class=\"wpb-content-wrapper\"><p>[vc_row][vc_column][rev_slider_vc alias=\u00bbhotel\u00bb][vc_raw_html]PGRpdiBjbGFzcz0iYXJyb3ctd3JhcHBlciI+PGRpdiBjbGFzcz0iYXJyb3ciPjwvZGl2PjwvZGl2Pg==[\/vc_raw_html][\/vc_column][\/vc_row][vc_row full_width=\u00bbstretch_row_content_no_spaces\u00bb content_placement=\u00bbmiddle\u00bb parallax=\u00bbcontent-moving\u00bb parallax_image=\u00bb125&#8243; parallax_speed_bg=\u00bb2&#8243; css=\u00bb.vc_custom_1552295334053{padding-top: 20px !important;padding-bottom: 20px !important;}\u00bb][vc_column][vc_column_text]<\/p>\n<h1 style=\"text-align: center;\">ESTRUCTURA<\/h1>\n<p>[\/vc_column_text]<div class=\"dt-breadcrumbs-shortcode dt-breadcrumbs-id-52a6b48dfab3fe419f87034b265cf0b8 align-centre\"><div class=\"assistive-text\">Est\u00e1s aqu\u00ed:<\/div><ol class=\"breadcrumbs text-small\" xmlns:v=\"http:\/\/rdf.data-vocabulary.org\/#\"><li typeof=\"v:Breadcrumb\"><a rel=\"v:url\" property=\"v:title\" href=\"https:\/\/www.capagan.com\/es\/\" title=\"\">Inicio<\/a><\/li><li class=\"current\">P\u00e1gina<\/li><\/ol><\/div>[\/vc_column][\/vc_row][vc_row css=\u00bb.vc_custom_1547658429374{padding-bottom: 40px !important;}\u00bb][vc_column][vc_column_text]<\/p>\n<p style=\"text-align: center;\">Ca\u2019 Pagan tiene sede en un palacio hist\u00f3rico elegante lujosamente decorado en todos los particulares en las habitaciones y en \u00e1rea comunes.<br \/>\nA la entrada de la estructura se abre la recepci\u00f3n, un vest\u00edbulo decorado con preciosos cuadros, mascaras t\u00edpicas de Venecia, l\u00e1mparas de estilo Fortuny y esculturas en vidrio original de Murano.<br \/>\nLa sala por el desayuno esta enrollada unos preciosos espejos antiguos que ponen el ambiente \u00fanico y m\u00e1gico y de una peque\u00f1a corte privada, ideal para ofrecer desayunos y disfrutar instantes de paz en una atmosfera tranquila y rom\u00e1ntica.<br \/>\nNuestras habitaciones son decoradas suntuosamente en estilo Veneciano y tienen platea o suelo t\u00edpico veneciano. Todas son insonorizadas y para no-fumadores.<\/p>\n<p>[\/vc_column_text][\/vc_column][\/vc_row][vc_row full_width=\u00bbstretch_row\u00bb css=\u00bb.vc_custom_1547658554106{padding-bottom: 40px !important;}\u00bb][vc_column]<div class=\"owl-carousel gallery-carousel-shortcode gallery-shortcode  dt-gallery-container dt-owl-carousel-call gallery-carousel-shortcode-id-c97b16cdd7ebb1445e654f904eb5e5eb quick-scale-img enable-bg-rollover meta-info-off dt-arrow-border-on dt-arrow-hover-border-on bullets-small-dot-stroke reposition-arrows dt-icon-bg-off arrows-bg-on disable-arrows-hover-bg arrows-hover-bg-on  hover-fade \" data-scroll-mode=\"1\" data-col-num=\"3\" data-wide-col-num=\"3\" data-laptop-col=\"3\" data-h-tablet-columns-num=\"3\" data-v-tablet-columns-num=\"2\" data-phone-columns-num=\"1\" data-col-gap=\"10\" data-speed=\"600\" data-autoplay=\"false\" data-autoplay_speed=\"6000\" data-arrows=\"true\" data-bullet=\"false\" data-next-icon=\"icon-ar-017-r\" data-prev-icon=\"icon-ar-017-l\" data-img-shadow-size=\"12px\" data-img-shadow-spread=\"3px\"><\/div>[\/vc_column][\/vc_row][vc_row css=\u00bb.vc_custom_1547658429374{padding-bottom: 40px !important;}\u00bb][vc_column][vc_column_text]<\/p>\n<p style=\"text-align: center;\"><b>EQUIPAMENTO DE LAS HABITACIONES<\/b><\/p>\n<ul>\n<li style=\"text-align: center;\">Wi-fi gratuito<span class=\"Apple-converted-space\">\u00a0<\/span><\/li>\n<li style=\"text-align: center;\">Minibar<\/li>\n<li style=\"text-align: center;\">Caja fuerte<\/li>\n<li style=\"text-align: center;\">Televisi\u00f3n pantalla plana<\/li>\n<li style=\"text-align: center;\">Tel\u00e9fono<\/li>\n<li style=\"text-align: center;\">Aire acondicionado y calefacci\u00f3n<span class=\"Apple-converted-space\">\u00a0<\/span><\/li>\n<li style=\"text-align: center;\">Despertador telef\u00f3nico<span class=\"Apple-converted-space\">\u00a0<\/span><\/li>\n<li style=\"text-align: center;\">Cuarto de ba\u00f1o privado con ba\u00f1era o ducha<\/li>\n<li style=\"text-align: center;\">Secador de pelo<\/li>\n<li style=\"text-align: center;\">Productos por el ba\u00f1o como obsequio<\/li>\n<li style=\"text-align: center;\">Toallas y sabanas<span class=\"Apple-converted-space\">\u00a0<\/span><\/li>\n<\/ul>\n<p>[\/vc_column_text][\/vc_column][\/vc_row]<\/p>\n<\/div>","protected":false},"excerpt":{"rendered":"<p>[vc_row][vc_column][rev_slider_vc alias=\u00bbhotel\u00bb][vc_raw_html]PGRpdiBjbGFzcz0iYXJyb3ctd3JhcHBlciI+PGRpdiBjbGFzcz0iYXJyb3ciPjwvZGl2PjwvZGl2Pg==[\/vc_raw_html][\/vc_column][\/vc_row][vc_row full_width=\u00bbstretch_row_content_no_spaces\u00bb content_placement=\u00bbmiddle\u00bb parallax=\u00bbcontent-moving\u00bb parallax_image=\u00bb125&#8243; parallax_speed_bg=\u00bb2&#8243; css=\u00bb.vc_custom_1552295334053{padding-top: 20px !important;padding-bottom: 20px !important;}\u00bb][vc_column][vc_column_text] ESTRUCTURA [\/vc_column_text][\/vc_column][\/vc_row][vc_row css=\u00bb.vc_custom_1547658429374{padding-bottom: 40px !important;}\u00bb][vc_column][vc_column_text] Ca\u2019 Pagan tiene sede en un palacio hist\u00f3rico elegante lujosamente decorado en todos los particulares en las habitaciones y en \u00e1rea comunes. A la entrada de la estructura se abre la recepci\u00f3n, un vest\u00edbulo decorado con preciosos cuadros,&hellip;<\/p>\n","protected":false},"author":1,"featured_media":0,"parent":0,"menu_order":0,"comment_status":"closed","ping_status":"closed","template":"","meta":[],"aioseo_notices":[],"_links":{"self":[{"href":"https:\/\/www.capagan.com\/es\/wp-json\/wp\/v2\/pages\/456"}],"collection":[{"href":"https:\/\/www.capagan.com\/es\/wp-json\/wp\/v2\/pages"}],"about":[{"href":"https:\/\/www.capagan.com\/es\/wp-json\/wp\/v2\/types\/page"}],"author":[{"embeddable":true,"href":"https:\/\/www.capagan.com\/es\/wp-json\/wp\/v2\/users\/1"}],"replies":[{"embeddable":true,"href":"https:\/\/www.capagan.com\/es\/wp-json\/wp\/v2\/comments?post=456"}],"version-history":[{"count":2,"href":"https:\/\/www.capagan.com\/es\/wp-json\/wp\/v2\/pages\/456\/revisions"}],"predecessor-version":[{"id":548,"href":"https:\/\/www.capagan.com\/es\/wp-json\/wp\/v2\/pages\/456\/revisions\/548"}],"wp:attachment":[{"href":"https:\/\/www.capagan.com\/es\/wp-json\/wp\/v2\/media?parent=456"}],"curies":[{"name":"wp","href":"https:\/\/api.w.org\/{rel}","templated":true}]}}