{"id":458,"date":"2019-03-20T12:07:04","date_gmt":"2019-03-20T11:07:04","guid":{"rendered":"https:\/\/www.capagan.com\/location\/"},"modified":"2019-03-20T12:07:04","modified_gmt":"2019-03-20T11:07:04","slug":"location","status":"publish","type":"page","link":"https:\/\/www.capagan.com\/es\/location\/","title":{"rendered":"Location"},"content":{"rendered":"<div class=\"wpb-content-wrapper\"><p>[vc_row][vc_column][rev_slider_vc alias=\u00bblocation\u00bb][vc_raw_html]PGRpdiBjbGFzcz0iYXJyb3ctd3JhcHBlciI+DQo8ZGl2IGNsYXNzPSJhcnJvdyI+PC9kaXY+DQo8L2Rpdj4=[\/vc_raw_html][\/vc_column][\/vc_row][vc_row full_width=\u00bbstretch_row_content_no_spaces\u00bb content_placement=\u00bbmiddle\u00bb parallax=\u00bbcontent-moving\u00bb parallax_image=\u00bb125&#8243; parallax_speed_bg=\u00bb2&#8243; css=\u00bb.vc_custom_1552385553168{padding-top: 20px !important;padding-bottom: 20px !important;}\u00bb][vc_column][vc_column_text]<\/p>\n<h1 style=\"text-align: center;\">LOCATION<\/h1>\n<p>[\/vc_column_text]<div class=\"dt-breadcrumbs-shortcode dt-breadcrumbs-id-52a6b48dfab3fe419f87034b265cf0b8 align-centre\"><div class=\"assistive-text\">Est\u00e1s aqu\u00ed:<\/div><ol class=\"breadcrumbs text-small\" xmlns:v=\"http:\/\/rdf.data-vocabulary.org\/#\"><li typeof=\"v:Breadcrumb\"><a rel=\"v:url\" property=\"v:title\" href=\"https:\/\/www.capagan.com\/es\/\" title=\"\">Inicio<\/a><\/li><li class=\"current\">P\u00e1gina<\/li><\/ol><\/div>[\/vc_column][\/vc_row][vc_row css=\u00bb.vc_custom_1547553006946{padding-top: 10px !important;padding-bottom: 50px !important;}\u00bb][vc_column][vc_column_text]<\/p>\n<p style=\"text-align: center;\">Ca\u2018 pagan tiene una posici\u00f3n privilegiada en centro hist\u00f3rico de Venecia afuera de los mayores flujos tur\u00edsticos pero acerca de todas las principales atracciones en un ambiente tranquilo y solariego.<br \/>\nA poca distancia est\u00e1 Campo Santo Stefano, uno de los \u201ecampos\u201c(plazas) m\u00e1s grandes de la ciudad que con su restaurantes y bar sabr\u00e1n conquisarle en la vida veneciana, y Palazzo Grassi, el ultimo palacio patricio que se asoma al Canal Grande, lugar de exhibiciones de arte internacionales.<br \/>\nLas Galer\u00edas de la Academia, Peggy Guggenheim Colecci\u00f3n y el famoso Teatro La Fenice son algunos de los lugares de inter\u00e9s que se pueden alcanzar f\u00e1cilmente del Hotel y ejemplo del car\u00e1cter exuberante, pero al mismo tiempo aristocr\u00e1tico de Venecia.<br \/>\nGracias a la proximidad de la parada del Vaporetto, visitar la isla de Lido de Venecia o la Biennale ser\u00e1 f\u00e1cil y practico.<\/p>\n<p>[\/vc_column_text][\/vc_column][\/vc_row][vc_row full_width=\u00bbstretch_row_content_no_spaces\u00bb][vc_column][vc_column_text]<div class=\"wpgmp_map_container wpgmp-map-provider-google wpgmp-map-1\" rel=\"map1\" data-plugin-version=\"4.8.6\"><div class=\"wpgmp_map_parent\"><div class=\"wpgmp_map \" style=\"width:100%; height:700px;\" id=\"map1\" data-map-id=\"1\"><\/div><\/div><\/div><script>jQuery(document).ready(function($){ window.wpgmp = window.wpgmp || {}; window.wpgmp.mapdata1 = \"eyJhdXRvc29ydCI6dHJ1ZSwibWFwX29wdGlvbnMiOnsiY2VudGVyX2xhdCI6IjQ1LjQzMzgwMyIsImNlbnRlcl9sbmciOiIxMi4zMjg1MDQiLCJ6b29tIjoxNSwibWFwX3R5cGVfaWQiOiJST0FETUFQIiwiY2VudGVyX2J5X25lYXJlc3QiOmZhbHNlLCJmaXRfYm91bmRzIjpmYWxzZSwic2hvd19jZW50ZXJfY2lyY2xlIjpmYWxzZSwic2hvd19jZW50ZXJfbWFya2VyIjpmYWxzZSwiY2VudGVyX21hcmtlcl9pY29uIjoiaHR0cHM6XC9cL3d3dy5jYXBhZ2FuLmNvbVwvd3AtY29udGVudFwvcGx1Z2luc1wvd3AtZ29vZ2xlLW1hcC1wbHVnaW5cL2Fzc2V0c1wvaW1hZ2VzXC9cL2RlZmF1bHRfbWFya2VyLnBuZyIsImRyYWdnYWJsZSI6dHJ1ZSwic2Nyb2xsX3doZWVsIjoiZmFsc2UiLCJtYXJrZXJfZGVmYXVsdF9pY29uIjoiaHR0cHM6XC9cL3d3dy5jYXBhZ2FuLmNvbVwvd3AtY29udGVudFwvcGx1Z2luc1wvd3AtZ29vZ2xlLW1hcC1wbHVnaW5cL2Fzc2V0c1wvaW1hZ2VzXC9cL2RlZmF1bHRfbWFya2VyLnBuZyIsImluZm93aW5kb3dfc2tpbiI6eyJuYW1lIjoiZGVmYXVsdCIsInR5cGUiOiJpbmZvd2luZG93In0sImluZm93aW5kb3dfZHJvcF9hbmltYXRpb24iOmZhbHNlLCJjbG9zZV9pbmZvd2luZG93X29uX21hcF9jbGljayI6ZmFsc2UsImRlZmF1bHRfaW5mb3dpbmRvd19vcGVuIjpmYWxzZSwiaW5mb3dpbmRvd19vcGVuX2V2ZW50IjoiY2xpY2siLCJsaXN0aW5nX2luZm93aW5kb3dfb3Blbl9ldmVudCI6ImNsaWNrIiwiaXNfbW9iaWxlIjpmYWxzZSwiaW5mb3dpbmRvd19maWx0ZXJfb25seSI6ZmFsc2UsImluZm93aW5kb3dfY2xpY2tfY2hhbmdlX2NlbnRlciI6ZmFsc2UsImZ1bGxfc2NyZWVuX2NvbnRyb2wiOnRydWUsImNhbWVyYV9jb250cm9sIjpmYWxzZSwic2VhcmNoX2NvbnRyb2wiOnRydWUsInpvb21fY29udHJvbCI6dHJ1ZSwibWFwX3R5cGVfY29udHJvbCI6dHJ1ZSwic3RyZWV0X3ZpZXdfY29udHJvbCI6dHJ1ZSwibG9jYXRlbWVfY29udHJvbCI6ZmFsc2UsIm1vYmlsZV9zcGVjaWZpYyI6ZmFsc2UsInpvb21fbW9iaWxlIjo1LCJkcmFnZ2FibGVfbW9iaWxlIjp0cnVlLCJzY3JvbGxfd2hlZWxfbW9iaWxlIjp0cnVlLCJmdWxsX3NjcmVlbl9jb250cm9sX3Bvc2l0aW9uIjoiVE9QX1JJR0hUIiwiem9vbV9jb250cm9sX3Bvc2l0aW9uIjoiVE9QX0xFRlQiLCJtYXBfdHlwZV9jb250cm9sX3Bvc2l0aW9uIjoiVE9QX1JJR0hUIiwibWFwX3R5cGVfY29udHJvbF9zdHlsZSI6IkhPUklaT05UQUxfQkFSIiwic3RyZWV0X3ZpZXdfY29udHJvbF9wb3NpdGlvbiI6IlRPUF9MRUZUIiwibWFwX2luZm93aW5kb3dfY3VzdG9taXNhdGlvbnMiOmZhbHNlLCJpbmZvd2luZG93X3dpZHRoIjoiMTAwJSIsInNob3dfaW5mb3dpbmRvd19oZWFkZXIiOmZhbHNlLCJ6b29tX2xldmVsX2FmdGVyX3NlYXJjaCI6MTAsImRvdWJsZWNsaWNrem9vbSI6ZmFsc2UsImN1cnJlbnRfcG9zdF9vbmx5IjpmYWxzZSwiYWR2YW5jZV90ZW1wbGF0ZSI6ZmFsc2UsIm1hcF90aWxlX3VybCI6Imh0dHBzOlwvXC97c30udGlsZS5vcGVuc3RyZWV0bWFwLm9yZ1wve3p9XC97eH1cL3t5fS5wbmciLCJvcGVuc3RyZWV0X3N0eWxlcyI6eyJPcGVuU3RyZWV0TWFwLk1hcG5payI6Imh0dHBzOlwvXC97c30udGlsZS5vcGVuc3RyZWV0bWFwLm9yZ1wve3p9XC97eH1cL3t5fS5wbmciLCJPcGVuU3RyZWV0TWFwLkRFIjoiaHR0cHM6XC9cL3tzfS50aWxlLm9wZW5zdHJlZXRtYXAuZGVcL3RpbGVzXC9vc21kZVwve3p9XC97eH1cL3t5fS5wbmciLCJPcGVuU3RyZWV0TWFwLkNIIjoiaHR0cHM6XC9cL3RpbGUub3NtLmNoXC9zd2l0emVybGFuZFwve3p9XC97eH1cL3t5fS5wbmciLCJPcGVuU3RyZWV0TWFwLkZyYW5jZSI6Imh0dHBzOlwvXC97c30udGlsZS5vcGVuc3RyZWV0bWFwLmZyXC9vc21mclwve3p9XC97eH1cL3t5fS5wbmciLCJPcGVuU3RyZWV0TWFwLkhPVCI6Imh0dHBzOlwvXC97c30udGlsZS5vcGVuc3RyZWV0bWFwLmZyXC9ob3RcL3t6fVwve3h9XC97eX0ucG5nIiwiT3BlblN0cmVldE1hcC5CWkgiOiJodHRwczpcL1wvdGlsZS5vcGVuc3RyZWV0bWFwLmJ6aFwvYnJcL3t6fVwve3h9XC97eX0ucG5nIiwiT3BlblRvcG9NYXAiOiJodHRwczpcL1wve3N9LnRpbGUub3BlbnRvcG9tYXAub3JnXC97en1cL3t4fVwve3l9LnBuZyIsIlRodW5kZXJmb3Jlc3QuT3BlbkN5Y2xlTWFwIjoiaHR0cHM6XC9cL2Rldi57c30udGlsZS5vcGVuc3RyZWV0bWFwLmZyXC9jeWNsb3NtXC97en1cL3t4fVwve3l9LnBuZyIsIk9wZW5NYXBTdXJmZXIuUm9hZHMiOiJodHRwczpcL1wvbWFwcy5oZWlnaXQub3JnXC9vcGVubWFwc3VyZmVyXC90aWxlc1wvcm9hZHNcL3dlYm1lcmNhdG9yXC97en1cL3t4fVwve3l9LnBuZyJ9LCJvcGVuc3RyZWV0X3N0eWxlc19tYXJrdXAiOiI8c2VsZWN0IGNsYXNzPVwid3BvbXBfbWFwX3R5cGVcIj48b3B0aW9uIHZhbHVlPVwiT3BlblN0cmVldE1hcC5NYXBuaWtcIj5PcGVuU3RyZWV0TWFwLk1hcG5pazxcL29wdGlvbj48b3B0aW9uIHZhbHVlPVwiT3BlblN0cmVldE1hcC5ERVwiPk9wZW5TdHJlZXRNYXAuREU8XC9vcHRpb24+PG9wdGlvbiB2YWx1ZT1cIk9wZW5TdHJlZXRNYXAuQ0hcIj5PcGVuU3RyZWV0TWFwLkNIPFwvb3B0aW9uPjxvcHRpb24gdmFsdWU9XCJPcGVuU3RyZWV0TWFwLkZyYW5jZVwiPk9wZW5TdHJlZXRNYXAuRnJhbmNlPFwvb3B0aW9uPjxvcHRpb24gdmFsdWU9XCJPcGVuU3RyZWV0TWFwLkhPVFwiPk9wZW5TdHJlZXRNYXAuSE9UPFwvb3B0aW9uPjxvcHRpb24gdmFsdWU9XCJPcGVuU3RyZWV0TWFwLkJaSFwiPk9wZW5TdHJlZXRNYXAuQlpIPFwvb3B0aW9uPjxvcHRpb24gdmFsdWU9XCJPcGVuVG9wb01hcFwiPk9wZW5Ub3BvTWFwPFwvb3B0aW9uPjxvcHRpb24gdmFsdWU9XCJUaHVuZGVyZm9yZXN0Lk9wZW5DeWNsZU1hcFwiPlRodW5kZXJmb3Jlc3QuT3BlbkN5Y2xlTWFwPFwvb3B0aW9uPjxvcHRpb24gdmFsdWU9XCJPcGVuTWFwU3VyZmVyLlJvYWRzXCI+T3Blbk1hcFN1cmZlci5Sb2FkczxcL29wdGlvbj48XC9zZWxlY3Q+IiwibWFwX2JveF9zdHlsZXNfbWFya3VwIjoiPHNlbGVjdCBjbGFzcz1cIndwb21wX21hcGJveF90eXBlXCI+PG9wdGlvbiB2YWx1ZT1cInN0cmVldHMtdjExXCI+U3RyZWV0czxcL29wdGlvbj48b3B0aW9uIHZhbHVlPVwibGlnaHQtdjEwXCI+TGlnaHQ8XC9vcHRpb24+PG9wdGlvbiB2YWx1ZT1cImRhcmstdjEwXCI+RGFyazxcL29wdGlvbj48b3B0aW9uIHZhbHVlPVwib3V0ZG9vcnMtdjExXCI+T3V0ZG9vcnM8XC9vcHRpb24+PG9wdGlvbiB2YWx1ZT1cInNhdGVsbGl0ZS12OVwiPlNhdGVsbGl0ZTxcL29wdGlvbj48XC9zZWxlY3Q+IiwiYm91bmRfbWFwX2FmdGVyX2ZpbHRlciI6ZmFsc2UsImRpc3BsYXlfcmVzZXRfYnV0dG9uIjpmYWxzZSwibWFwX3Jlc2V0X2J1dHRvbl90ZXh0IjoiUmVzdGFibGVjZXIiLCJoZWlnaHQiOiI3MDAiLCJ0aWxlc19wcm92aWRlciI6Im9wZW5zdHJlZXQifSwicGxhY2VzIjpbeyJpZCI6IjEiLCJ0aXRsZSI6IkNhIFBhZ2FuIiwic291cmNlIjoibWFudWFsIiwibG9jYXRpb24iOnsiaWNvbiI6Imh0dHBzOlwvXC93d3cuY2FwYWdhbi5jb21cL3dwLWNvbnRlbnRcL3BsdWdpbnNcL3dwLWdvb2dsZS1tYXAtcGx1Z2luXC9hc3NldHNcL2ltYWdlc1wvXC9kZWZhdWx0X21hcmtlci5wbmciLCJsYXQiOiI0NS40MzM4MDMiLCJsbmciOiIxMi4zMjg1MDQiLCJvbmNsaWNrX2FjdGlvbiI6Im1hcmtlciIsIm1hcmtlcl9pbWFnZSI6IjxkaXYgY2xhc3M9J2ZjLWZlYXR1cmUtaW1nJz48aW1nIGxvYWRpbmc9J2xhenknIGRlY29kaW5nPSdhc3luYycgYWx0PSdDYSBQYWdhbicgc3JjPSdodHRwczpcL1wvd3d3LmNhcGFnYW4uY29tXC93cC1jb250ZW50XC9wbHVnaW5zXC93cC1nb29nbGUtbWFwLXBsdWdpblwvYXNzZXRzXC9pbWFnZXNcL3NhbXBsZS5qcGcnIGNsYXNzPSd3cGdtcF9tYXJrZXJfaW1hZ2UgZmMtaXRlbS1mZWF0dXJlZF9pbWFnZSBmYy1pdGVtLWxhcmdlJyBcLz48XC9kaXY+Iiwib3Blbl9uZXdfdGFiIjoieWVzIiwiYW5pbWF0aW9uIjoiQk9VTkNFIiwiaW5mb3dpbmRvd19kaXNhYmxlIjp0cnVlLCJ6b29tIjo1LCJleHRyYV9maWVsZHMiOnsibGlzdG9yZGVyIjowfX19XSwibWFwX3Byb3BlcnR5Ijp7Im1hcF9pZCI6IjEifSwic2hhcGVzIjp7ImRyYXdpbmdfZWRpdGFibGUiOmZhbHNlfSwiZmlsdGVycyI6eyJmaWx0ZXJzX2NvbnRhaW5lciI6IltkYXRhLWNvbnRhaW5lcj1cIndwZ21wLWZpbHRlcnMtY29udGFpbmVyXCJdIn0sImdsb2JhbF9zZXR0aW5ncyI6ZmFsc2UsInByb3ZpZGVyIjoiZ29vZ2xlIiwiYXBpS2V5IjoiIn0=\"; });<\/script>[\/vc_column_text][vc_empty_space height=\u00bb40px\u00bb][\/vc_column][\/vc_row][vc_row css=\u00bb.vc_custom_1547712153347{padding-top: 50px !important;padding-bottom: 50px !important;}\u00bb][vc_column][vc_column_text]<\/p>\n<h2 style=\"text-align: center;\">COMO LLEGAR<\/h2>\n<p>[\/vc_column_text][vc_empty_space][\/vc_column][\/vc_row][vc_row full_width=\u00bbstretch_row_content\u00bb gap=\u00bb35&#8243; css=\u00bb.vc_custom_1547712291318{padding-bottom: 50px !important;}\u00bb][vc_column width=\u00bb1\/4&#8243; css=\u00bb.vc_custom_1547712311290{padding-top: 35px !important;padding-right: 35px !important;padding-bottom: 35px !important;padding-left: 35px !important;background-color: #f2f2f2 !important;}\u00bb][vc_icon icon_fontawesome=\u00bbfa fa-car\u00bb color=\u00bbblack\u00bb size=\u00bbxl\u00bb align=\u00bbcenter\u00bb][vc_column_text]<\/p>\n<h3 style=\"text-align: center;\">En coche<\/h3>\n<p style=\"text-align: center;\">Todos los aparcamientos est\u00e1n al final del Puente de la Libert\u00e0:<\/p>\n<ul style=\"text-align: center;\">\n<li>ISLA DEL TRONCHETTO: un \u00e1rea de aparcamiento por una tarifa de unos \u20ac 20,00 por d\u00eda, a poca distancia da el centro de la ciudad donde es posible tomar la l\u00ednea n\u00famero 2, parada San Samuele. Siguiendo recto por un cincuenta metros, ustedes encontraran Ca\u2018 Pagan a su izquierda.<span class=\"Apple-converted-space\">\u00a0<\/span><\/li>\n<li>PIAZZALE ROMA: ustedes encontraran unos aparcamiento cubiertos por una tarifa: GARAGE SAN MARCO y AUTORIMESSA COMUNALE (es posible reservar online con un descuento) por unos \u20ac30,00 por d\u00eda.<span class=\"Apple-converted-space\">\u00a0<\/span><\/li>\n<\/ul>\n<p style=\"text-align: center;\">Desde all\u00ed es posible tomar el Vaporetto, l\u00ednea n\u00famero 2, parada San Samuele. Siguiendo recto por un cincuenta metros, ustedes encontraran Ca\u2018 Pagan a su izquierda.<span class=\"Apple-converted-space\">\u00a0<\/span><\/p>\n<p style=\"text-align: center;\">Tomar la l\u00ednea n\u00famero 1 parada Sant\u2019Angelo. En cinco minutos caminando ustedes encontraran Ca\u2018 Pagan a su derecha, siguiendo por Palazzo Grassi.<\/p>\n<p style=\"text-align: center;\">Ustedes pueden tambien llegar al Hotel marchando, por unos veinticinco minutos, desde Piazzale Roma: siguiendo por Campo Santa Margherita, Campo San Barnaba, puente de la Academia, Campo Santo Stefano y al final Campo San Samuele (San Marco, 3268).<\/p>\n<p>&nbsp;[\/vc_column_text][\/vc_column][vc_column width=\u00bb1\/4&#8243; css=\u00bb.vc_custom_1547712322048{padding-top: 35px !important;padding-right: 35px !important;padding-bottom: 35px !important;padding-left: 35px !important;background-color: #f2f2f2 !important;}\u00bb][vc_icon icon_fontawesome=\u00bbfa fa-train\u00bb color=\u00bbblack\u00bb size=\u00bbxl\u00bb align=\u00bbcenter\u00bb][vc_column_text]<\/p>\n<h3 style=\"text-align: center;\">En tren<\/h3>\n<p style=\"text-align: center;\">De la estaci\u00f3n de trenes Santa Lucia es posible:<span class=\"Apple-converted-space\">\u00a0<\/span><\/p>\n<ul>\n<li style=\"text-align: center;\">Tomar el Vaporetto, l\u00ednea n\u00famero 2, parada San Samuele. Siguiendo recto por un cincuenta metros, ustedes encontraran Ca\u2018 Pagan a su izquierda.<span class=\"Apple-converted-space\">\u00a0<\/span><\/li>\n<li style=\"text-align: center;\">Tomar la l\u00ednea n\u00famero 1 parada Sant\u2019Angelo. En cinco minutos caminando ustedes encontraran Ca\u2018 Pagan a su derecha, siguiendo por Palazzo Grassi.<\/li>\n<li style=\"text-align: center;\">Marchando, por unos veinticinco minutos, desde Piazzale Roma (cinco minutos de la estacion de trenes) es posible llegar marchando en unos veinte minutos. Siguiendo por Campo Santa Margherita, Campo San Barnaba, puente de la Academia, Campo Santo Stefano y al final Campo San Samuele (San Marco, 3268).<\/li>\n<\/ul>\n<p>&nbsp;[\/vc_column_text][\/vc_column][vc_column width=\u00bb1\/4&#8243; css=\u00bb.vc_custom_1552639405058{padding-top: 35px !important;padding-right: 35px !important;padding-bottom: 35px !important;padding-left: 35px !important;background-color: #f2f2f2 !important;}\u00bb][vc_icon icon_fontawesome=\u00bbfa fa-plane\u00bb color=\u00bbblack\u00bb size=\u00bbxl\u00bb align=\u00bbcenter\u00bb][vc_column_text]<\/p>\n<h3 style=\"text-align: center;\">En avion<\/h3>\n<ul>\n<li style=\"text-align: center;\">DESDE AL AEROPUERTO MARCO POLO DE VENEZIA: a poca distancia del aeropuerto ustedes encontraran el Vaporetto Alilaguna l\u00ednea Arancio que en una hora alcanza Venecia, parada Sant\u2019Angelo. En cinco minutos caminando ustedes encontraran Ca\u2018 Pagan a su derecha, siguiendo por Palazzo Grassi.<span class=\"Apple-converted-space\">\u00a0<\/span><\/li>\n<li style=\"text-align: center;\">DESDE EL AEROPUERTO CANOVA DE TREVISO: hay una l\u00ednea directa por Venecia de ATVO que en una hora llega Piazzale Roma, donde ser\u00e1 posible tomar el Vaporetto: l\u00ednea n\u00famero 2, parada San Samuele. Siguiendo recto por un cincuenta metros, ustedes encontraran Ca\u2018 Pagan a su izquierda.<span class=\"Apple-converted-space\">\u00a0<\/span><\/li>\n<li style=\"text-align: center;\">Pueden tambi\u00e9n tomar la l\u00ednea n\u00famero 1 parada Sant\u2019Angelo. En cinco minutos caminando ustedes encontraran Ca\u2018 Pagan a su derecha, siguiendo por Palazzo Grassi.<span class=\"Apple-converted-space\">\u00a0<\/span><\/li>\n<\/ul>\n<p>[\/vc_column_text][\/vc_column][vc_column width=\u00bb1\/4&#8243; css=\u00bb.vc_custom_1552639421294{padding-top: 35px !important;padding-right: 35px !important;padding-bottom: 35px !important;padding-left: 35px !important;background-color: #f2f2f2 !important;}\u00bb][vc_icon icon_fontawesome=\u00bbfa fa-taxi\u00bb color=\u00bbblack\u00bb size=\u00bbxl\u00bb align=\u00bbcenter\u00bb][vc_column_text]<\/p>\n<h3 style=\"text-align: center;\">En Taxi<\/h3>\n<p style=\"text-align: center;\">El personal de Ca\u2019 Pagan estar\u00e1 feliz de reservar un taxi por ustedes.<span class=\"Apple-converted-space\">\u00a0<\/span><\/p>\n<p style=\"text-align: center;\">La tarifa por el viaje que empieza desde el aeropuerto es de \u20ac 150,00, adonde un taxi les atender\u00e1 afuera del aeropuerto para conducirles al amarradero donde un taxi de agua les acompa\u00f1ara al Hotel.<span class=\"Apple-converted-space\">\u00a0<\/span><\/p>\n<p style=\"text-align: center;\">Por el viaje que empieza desde la estaci\u00f3n de trenes o Piazzale Roma la tarifa es de \u20ac 60,00.<\/p>\n<p style=\"text-align: center;\">Las tarifas consideran m\u00e1ximo 4 personas y pueden cambiar a segunda del horario.<span class=\"Apple-converted-space\">\u00a0<\/span><\/p>\n<p>&nbsp;[\/vc_column_text][\/vc_column][\/vc_row][vc_row css=\u00bb.vc_custom_1552385794283{padding-top: 0px !important;padding-bottom: 50px !important;}\u00bb][vc_column][\/vc_column][\/vc_row]<\/p>\n<\/div>","protected":false},"excerpt":{"rendered":"<p>[vc_row][vc_column][rev_slider_vc alias=\u00bblocation\u00bb][vc_raw_html]PGRpdiBjbGFzcz0iYXJyb3ctd3JhcHBlciI+DQo8ZGl2IGNsYXNzPSJhcnJvdyI+PC9kaXY+DQo8L2Rpdj4=[\/vc_raw_html][\/vc_column][\/vc_row][vc_row full_width=\u00bbstretch_row_content_no_spaces\u00bb content_placement=\u00bbmiddle\u00bb parallax=\u00bbcontent-moving\u00bb parallax_image=\u00bb125&#8243; parallax_speed_bg=\u00bb2&#8243; css=\u00bb.vc_custom_1552385553168{padding-top: 20px !important;padding-bottom: 20px !important;}\u00bb][vc_column][vc_column_text] LOCATION [\/vc_column_text][\/vc_column][\/vc_row][vc_row css=\u00bb.vc_custom_1547553006946{padding-top: 10px !important;padding-bottom: 50px !important;}\u00bb][vc_column][vc_column_text] Ca\u2018 pagan tiene una posici\u00f3n privilegiada en centro hist\u00f3rico de Venecia afuera de los mayores flujos tur\u00edsticos pero acerca de todas las principales atracciones en un ambiente tranquilo y solariego. A poca distancia est\u00e1 Campo Santo&hellip;<\/p>\n","protected":false},"author":1,"featured_media":0,"parent":0,"menu_order":0,"comment_status":"closed","ping_status":"closed","template":"","meta":[],"aioseo_notices":[],"_links":{"self":[{"href":"https:\/\/www.capagan.com\/es\/wp-json\/wp\/v2\/pages\/458"}],"collection":[{"href":"https:\/\/www.capagan.com\/es\/wp-json\/wp\/v2\/pages"}],"about":[{"href":"https:\/\/www.capagan.com\/es\/wp-json\/wp\/v2\/types\/page"}],"author":[{"embeddable":true,"href":"https:\/\/www.capagan.com\/es\/wp-json\/wp\/v2\/users\/1"}],"replies":[{"embeddable":true,"href":"https:\/\/www.capagan.com\/es\/wp-json\/wp\/v2\/comments?post=458"}],"version-history":[{"count":1,"href":"https:\/\/www.capagan.com\/es\/wp-json\/wp\/v2\/pages\/458\/revisions"}],"predecessor-version":[{"id":459,"href":"https:\/\/www.capagan.com\/es\/wp-json\/wp\/v2\/pages\/458\/revisions\/459"}],"wp:attachment":[{"href":"https:\/\/www.capagan.com\/es\/wp-json\/wp\/v2\/media?parent=458"}],"curies":[{"name":"wp","href":"https:\/\/api.w.org\/{rel}","templated":true}]}}