{"id":487,"date":"2019-03-26T18:11:49","date_gmt":"2019-03-26T17:11:49","guid":{"rendered":"https:\/\/www.capagan.com\/hotel\/"},"modified":"2019-04-01T16:52:02","modified_gmt":"2019-04-01T14:52:02","slug":"etablissement","status":"publish","type":"page","link":"https:\/\/www.capagan.com\/fr\/etablissement\/","title":{"rendered":"\u00c9tablissement"},"content":{"rendered":"<div class=\"wpb-content-wrapper\"><p>[vc_row][vc_column][rev_slider_vc alias=\u00a0\u00bbhotel\u00a0\u00bb][vc_raw_html]PGRpdiBjbGFzcz0iYXJyb3ctd3JhcHBlciI+PGRpdiBjbGFzcz0iYXJyb3ciPjwvZGl2PjwvZGl2Pg==[\/vc_raw_html][\/vc_column][\/vc_row][vc_row full_width=\u00a0\u00bbstretch_row_content_no_spaces\u00a0\u00bb content_placement=\u00a0\u00bbmiddle\u00a0\u00bb parallax=\u00a0\u00bbcontent-moving\u00a0\u00bb parallax_image=\u00a0\u00bb125&Prime; parallax_speed_bg=\u00a0\u00bb2&Prime; css=\u00a0\u00bb.vc_custom_1552295334053{padding-top: 20px !important;padding-bottom: 20px !important;}\u00a0\u00bb][vc_column][vc_column_text]<\/p>\n<h1 style=\"text-align: center;\">\u00c9TABLISSEMENT<\/h1>\n<p>[\/vc_column_text]<div class=\"dt-breadcrumbs-shortcode dt-breadcrumbs-id-52a6b48dfab3fe419f87034b265cf0b8 align-centre\"><div class=\"assistive-text\">Vous \u00eates ici :<\/div><ol class=\"breadcrumbs text-small\" xmlns:v=\"http:\/\/rdf.data-vocabulary.org\/#\"><li typeof=\"v:Breadcrumb\"><a rel=\"v:url\" property=\"v:title\" href=\"https:\/\/www.capagan.com\/fr\/\" title=\"\">Accueil<\/a><\/li><li class=\"current\">Page<\/li><\/ol><\/div>[\/vc_column][\/vc_row][vc_row css=\u00a0\u00bb.vc_custom_1547658429374{padding-bottom: 40px !important;}\u00a0\u00bb][vc_column][vc_column_text]<\/p>\n<p style=\"text-align: center;\">La Ca\u2019 Pagan occupe un \u00e9l\u00e9gant b\u00e2timent historique luxueusement d\u00e9cor\u00e9 dans les moindres d\u00e9tails, tant dans les chambres que dans les parties communes.<\/p>\n<p style=\"text-align: center;\">\u00c0 l&rsquo;entr\u00e9e du b\u00e2timent, vous trouverez une zone de r\u00e9ception, une salle d\u00e9cor\u00e9e de tableaux pr\u00e9cieux, de masques v\u00e9nitiens typiques, de lustres Fortuny et de sculptures en verre de Murano originales.<\/p>\n<p style=\"text-align: center;\">La salle de petit-d\u00e9jeuner est entour\u00e9e de pr\u00e9cieux miroirs anciens qui rendent le cadre unique et magique. Elle est dot\u00e9e d&rsquo;une petite cour priv\u00e9e, id\u00e9ale pour organiser des petits-d\u00e9jeuners et profiter de moments de paix dans une atmosph\u00e8re calme et romantique.<\/p>\n<p style=\"text-align: center;\">Les chambres sont somptueusement d\u00e9cor\u00e9es dans un style v\u00e9nitien avec parquet ou sol typiquement v\u00e9nitien. Elles sont toutes insonoris\u00e9es et non-fumeurs.<\/p>\n<p style=\"text-align: center;\">La Ca\u2019 Pagan propose \u00e9galement \u00e0 ses clients\u00a0: une connexion wifi gratuite dans tout l&rsquo;h\u00f4tel, une r\u00e9ception ouverte 24\/24 et un service de chambre sur demande.<\/p>\n<p>[\/vc_column_text][\/vc_column][\/vc_row][vc_row full_width=\u00a0\u00bbstretch_row\u00a0\u00bb css=\u00a0\u00bb.vc_custom_1547658554106{padding-bottom: 40px !important;}\u00a0\u00bb][vc_column]<div class=\"owl-carousel gallery-carousel-shortcode gallery-shortcode  dt-gallery-container dt-owl-carousel-call gallery-carousel-shortcode-id-c97b16cdd7ebb1445e654f904eb5e5eb quick-scale-img enable-bg-rollover meta-info-off dt-arrow-border-on dt-arrow-hover-border-on bullets-small-dot-stroke reposition-arrows dt-icon-bg-off arrows-bg-on disable-arrows-hover-bg arrows-hover-bg-on  hover-fade \" data-scroll-mode=\"1\" data-col-num=\"3\" data-wide-col-num=\"3\" data-laptop-col=\"3\" data-h-tablet-columns-num=\"3\" data-v-tablet-columns-num=\"2\" data-phone-columns-num=\"1\" data-col-gap=\"10\" data-speed=\"600\" data-autoplay=\"false\" data-autoplay_speed=\"6000\" data-arrows=\"true\" data-bullet=\"false\" data-next-icon=\"icon-ar-017-r\" data-prev-icon=\"icon-ar-017-l\" data-img-shadow-size=\"12px\" data-img-shadow-spread=\"3px\"><\/div>[\/vc_column][\/vc_row][vc_row css=\u00a0\u00bb.vc_custom_1547658429374{padding-bottom: 40px !important;}\u00a0\u00bb][vc_column][vc_column_text]<\/p>\n<p class=\"gmail-m_-3124528228052345936m_-3886279923200326098Standard\" style=\"text-align: center;\"><strong>Equipement de les chambres:<\/strong><br \/>\n\u2022 Wi-Fi gratuit<br \/>\n\u2022 minibar<br \/>\n\u2022 s\u00e9curitaire<br \/>\n\u2022 t\u00e9l\u00e9vision \u00e0 \u00e9cran plat avec cha\u00eenes satellite<br \/>\n\u2022 t\u00e9l\u00e9phone<br \/>\n\u2022 climatisation et chauffage<br \/>\n\u2022 alarme ou r\u00e9veil<br \/>\n\u2022 salle de bain priv\u00e9e avec baignoire ou douche<br \/>\n\u2022 S\u00e8che-cheveux<br \/>\n\u2022 articles de toilette gratuits<br \/>\n\u2022 Serviettes et draps<\/p>\n<p>[\/vc_column_text][\/vc_column][\/vc_row]<\/p>\n<\/div>","protected":false},"excerpt":{"rendered":"<p>[vc_row][vc_column][rev_slider_vc alias=\u00a0\u00bbhotel\u00a0\u00bb][vc_raw_html]PGRpdiBjbGFzcz0iYXJyb3ctd3JhcHBlciI+PGRpdiBjbGFzcz0iYXJyb3ciPjwvZGl2PjwvZGl2Pg==[\/vc_raw_html][\/vc_column][\/vc_row][vc_row full_width=\u00a0\u00bbstretch_row_content_no_spaces\u00a0\u00bb content_placement=\u00a0\u00bbmiddle\u00a0\u00bb parallax=\u00a0\u00bbcontent-moving\u00a0\u00bb parallax_image=\u00a0\u00bb125&Prime; parallax_speed_bg=\u00a0\u00bb2&Prime; css=\u00a0\u00bb.vc_custom_1552295334053{padding-top: 20px !important;padding-bottom: 20px !important;}\u00a0\u00bb][vc_column][vc_column_text] \u00c9TABLISSEMENT [\/vc_column_text][\/vc_column][\/vc_row][vc_row css=\u00a0\u00bb.vc_custom_1547658429374{padding-bottom: 40px !important;}\u00a0\u00bb][vc_column][vc_column_text] La Ca\u2019 Pagan occupe un \u00e9l\u00e9gant b\u00e2timent historique luxueusement d\u00e9cor\u00e9 dans les moindres d\u00e9tails, tant dans les chambres que dans les parties communes. \u00c0 l&rsquo;entr\u00e9e du b\u00e2timent, vous trouverez une zone de r\u00e9ception, une salle d\u00e9cor\u00e9e de tableaux&hellip;<\/p>\n","protected":false},"author":1,"featured_media":0,"parent":0,"menu_order":0,"comment_status":"closed","ping_status":"closed","template":"","meta":[],"aioseo_notices":[],"_links":{"self":[{"href":"https:\/\/www.capagan.com\/fr\/wp-json\/wp\/v2\/pages\/487"}],"collection":[{"href":"https:\/\/www.capagan.com\/fr\/wp-json\/wp\/v2\/pages"}],"about":[{"href":"https:\/\/www.capagan.com\/fr\/wp-json\/wp\/v2\/types\/page"}],"author":[{"embeddable":true,"href":"https:\/\/www.capagan.com\/fr\/wp-json\/wp\/v2\/users\/1"}],"replies":[{"embeddable":true,"href":"https:\/\/www.capagan.com\/fr\/wp-json\/wp\/v2\/comments?post=487"}],"version-history":[{"count":5,"href":"https:\/\/www.capagan.com\/fr\/wp-json\/wp\/v2\/pages\/487\/revisions"}],"predecessor-version":[{"id":547,"href":"https:\/\/www.capagan.com\/fr\/wp-json\/wp\/v2\/pages\/487\/revisions\/547"}],"wp:attachment":[{"href":"https:\/\/www.capagan.com\/fr\/wp-json\/wp\/v2\/media?parent=487"}],"curies":[{"name":"wp","href":"https:\/\/api.w.org\/{rel}","templated":true}]}}